{"id":2333,"date":"2022-03-23T15:15:49","date_gmt":"2022-03-23T15:15:49","guid":{"rendered":"https:\/\/metal.li\/?page_id=2333"},"modified":"2022-12-09T12:26:48","modified_gmt":"2022-12-09T11:26:48","slug":"donate","status":"publish","type":"page","link":"https:\/\/rebornos.org\/fr\/faire-un-don\/","title":{"rendered":"Faire un don"},"content":{"rendered":"<div data-elementor-type=\"wp-page\" data-elementor-id=\"2333\" class=\"elementor elementor-2333\">\n\t\t\t\t\t\t<section class=\"elementor-section elementor-top-section elementor-element elementor-element-33e6c093 elementor-section-height-min-height elementor-section-items-bottom elementor-section-boxed elementor-section-height-default\" data-id=\"33e6c093\" data-element_type=\"section\">\n\t\t\t\t\t\t<div class=\"elementor-container elementor-column-gap-no\">\n\t\t\t\t\t<div class=\"elementor-column elementor-col-50 elementor-top-column elementor-element elementor-element-4e212bb1\" data-id=\"4e212bb1\" data-element_type=\"column\">\n\t\t\t<div class=\"elementor-widget-wrap elementor-element-populated\">\n\t\t\t\t\t\t<div class=\"elementor-element elementor-element-290cb9dd elementor-widget__width-auto elementor-widget elementor-widget-hub_fancy_heading\" data-id=\"290cb9dd\" data-element_type=\"widget\" data-widget_type=\"hub_fancy_heading.default\">\n\t\t\t\t<div class=\"elementor-widget-container\">\n\t\t\t\t\t\n\t\t<div id=\"ld-fancy-heading-69ee889e822d5\" class=\"ld-fancy-heading pos-rel\">\n\t\t\t<h6 class=\"ld-fh-element d-inline-block pos-rel  elementor-heading-title lqd-highlight-classic lqd-highlight-grow-left h6\"  > Faire un don<\/h6>\t\t<\/div>\n\n\t\t\t\t\t\t<\/div>\n\t\t\t\t<\/div>\n\t\t\t\t<div class=\"elementor-element elementor-element-1fcf49eb elementor-widget elementor-widget-hub_fancy_heading\" data-id=\"1fcf49eb\" data-element_type=\"widget\" data-widget_type=\"hub_fancy_heading.default\">\n\t\t\t\t<div class=\"elementor-widget-container\">\n\t\t\t\t\t\n\t\t<div id=\"ld-fancy-heading-69ee889e826c7\" class=\"ld-fancy-heading pos-rel\">\n\t\t\t<h2 class=\"ld-fh-element d-inline-block pos-rel  elementor-heading-title lqd-highlight-classic lqd-highlight-grow-left h2\"  > Soutenez notre projet<\/h2>\t\t<\/div>\n\n\t\t\t\t\t\t<\/div>\n\t\t\t\t<\/div>\n\t\t\t\t<div class=\"elementor-element elementor-element-511499d3 elementor-widget elementor-widget-hub_fancy_heading\" data-id=\"511499d3\" data-element_type=\"widget\" data-widget_type=\"hub_fancy_heading.default\">\n\t\t\t\t<div class=\"elementor-widget-container\">\n\t\t\t\t\t\n\t\t<div id=\"ld-fancy-heading-69ee889e8299a\" class=\"ld-fancy-heading pos-rel\">\n\t\t\t<p class=\"ld-fh-element d-inline-block pos-rel  lqd-highlight-classic lqd-highlight-grow-left p\"  > Aidez \u00e0 soutenir notre projet opensource gratuit en donnant de l'argent ou des ressources.<\/p>\t\t<\/div>\n\n\t\t\t\t\t\t<\/div>\n\t\t\t\t<\/div>\n\t\t\t\t\t<\/div>\n\t\t<\/div>\n\t\t\t\t<div class=\"elementor-column elementor-col-50 elementor-top-column elementor-element elementor-element-93ef4b4\" data-id=\"93ef4b4\" data-element_type=\"column\">\n\t\t\t<div class=\"elementor-widget-wrap elementor-element-populated\">\n\t\t\t\t\t\t<section class=\"elementor-section elementor-inner-section elementor-element elementor-element-31b50b82 elementor-section-boxed elementor-section-height-default elementor-section-height-default\" data-id=\"31b50b82\" data-element_type=\"section\">\n\t\t\t\t\t\t<div class=\"elementor-container elementor-column-gap-no\">\n\t\t\t\t\t<div class=\"elementor-column elementor-col-50 elementor-inner-column elementor-element elementor-element-70201741\" data-id=\"70201741\" data-element_type=\"column\">\n\t\t\t<div class=\"elementor-widget-wrap elementor-element-populated\">\n\t\t\t\t\t\t<div class=\"elementor-element elementor-element-1ce91436 elementor-align-left elementor-widget elementor-widget-ld_icon_box\" data-id=\"1ce91436\" data-element_type=\"widget\" data-widget_type=\"ld_icon_box.default\">\n\t\t\t\t<div class=\"elementor-widget-container\">\n\t\t\t\t\t\n\t\t\t<div id=\"ld_icon_box_1ce91436\" class=\"iconbox d-flex flex-grow-1 pos-rel iconbox-side\"   >\n\n\t\t\t\t\n\t\t\t\t<div class=\"iconbox-icon-wrap\"><div class=\"iconbox-icon-container d-inline-flex\"><svg xmlns=\"http:\/\/www.w3.org\/2000\/svg\" height=\"49.486\" viewbox=\"0 0 42 49.486\" width=\"42\"><g fill=\"#2d4162\"><circle cx=\"21\" cy=\"21\" opacity=\".077\" r=\"21\"><\/circle><path d=\"m51.3 25.417h-1.51v-12.753a1.048 1.048 0 0 0 -.3-.73l-11.059-11.212a2.424 2.424 0 0 0 -3.452 0l-11.06 11.212a1.044 1.044 0 0 0 -.3.715v.015 12.753h-1.512a1.735 1.735 0 0 0 -1.733 1.733v6.6a1.735 1.735 0 0 0 1.733 1.733h29.193a1.735 1.735 0 0 0 1.733-1.733v-6.6a1.735 1.735 0 0 0 -1.733-1.733zm-14.842-23.234a.347.347 0 0 1 .493 0l9.314 9.441h-19.12zm-10.758 11.517h22.011v11.717h-3.943a7.14 7.14 0 0 0 -14.127 0h-3.941zm15.957 11.717h-9.9a5.06 5.06 0 0 1 9.9 0zm9.3 7.99h-28.5v-5.907h28.5z\" transform=\"translate(-11.374 14)\"><\/path><\/g><\/svg><\/div><\/div>\n\t\t\t\t\n\t\t\t\t<div class=\"contents\">\n\t\t\t\t\n\t\t\t\t<h3 class=\"lqd-iconbox-heading\" >Serveur <\/h3>\t\t\t\t<p><span style=\"color: #586882\">Aidez-nous \u00e0 payer nos co\u00fbts mensuels d'h\u00e9bergement et de bande passante.<\/span><\/p>\n\t\t\t\t\n\t\t\t\t<\/div>\n\t\t\t\t\n\t\t\t<\/div>\n\n\t\t\t\t\t\t<\/div>\n\t\t\t\t<\/div>\n\t\t\t\t\t<\/div>\n\t\t<\/div>\n\t\t\t\t<div class=\"elementor-column elementor-col-50 elementor-inner-column elementor-element elementor-element-6a545b29\" data-id=\"6a545b29\" data-element_type=\"column\">\n\t\t\t<div class=\"elementor-widget-wrap elementor-element-populated\">\n\t\t\t\t\t\t<div class=\"elementor-element elementor-element-126ddb50 elementor-align-left elementor-widget elementor-widget-ld_icon_box\" data-id=\"126ddb50\" data-element_type=\"widget\" data-widget_type=\"ld_icon_box.default\">\n\t\t\t\t<div class=\"elementor-widget-container\">\n\t\t\t\t\t\n\t\t\t<div id=\"ld_icon_box_126ddb50\" class=\"iconbox d-flex flex-grow-1 pos-rel iconbox-side\"   >\n\n\t\t\t\t\n\t\t\t\t<div class=\"iconbox-icon-wrap\"><div class=\"iconbox-icon-container d-inline-flex\"><svg xmlns=\"http:\/\/www.w3.org\/2000\/svg\" height=\"46.959\" viewbox=\"0 0 42 46.959\" width=\"42\"><g fill=\"#ff7e6a\"><circle cx=\"21\" cy=\"21\" opacity=\".086\" r=\"21\"><\/circle><path d=\"m27.584 147.225a1.418 1.418 0 0 0 1.416-1.416v-3.455a1.418 1.418 0 0 0 -1.416-1.416h-26.168a1.418 1.418 0 0 0 -1.416 1.416v3.455a1.418 1.418 0 0 0 1.416 1.416h.425v8.439h-.425a1.418 1.418 0 0 0 -1.416 1.417v3.455a1.418 1.418 0 0 0 1.416 1.416h26.168a1.418 1.418 0 0 0 1.416-1.416v-3.455a1.418 1.418 0 0 0 -1.416-1.416h-.425v-8.439zm-.284 10.139v2.889h-25.6v-2.889zm-22.989-5.3a3.324 3.324 0 0 0 5.008 0 1.664 1.664 0 0 1 2.676 0 3.324 3.324 0 0 0 5.008 0 1.664 1.664 0 0 1 2.676 0 3.385 3.385 0 0 0 2.5 1.138c1.916 0 2.463-1.39 3.276-1.715v4.179h-21.915v-4.179a2.553 2.553 0 0 1 .772.577zm-.772-2.329v-2.509h21.921v2.509a3.557 3.557 0 0 0 -1.938 1.093 1.664 1.664 0 0 1 -2.676 0 3.324 3.324 0 0 0 -5.008 0 1.664 1.664 0 0 1 -2.676 0 3.324 3.324 0 0 0 -5.008 0 1.664 1.664 0 0 1 -2.676 0 3.557 3.557 0 0 0 -1.938-1.093zm22.77-4.208h-24.609v-2.889h25.6v2.889z\" transform=\"translate(10 -114.992)\"><\/path><path d=\"m3.244 6.218a3.082 3.082 0 0 0 2.956-2.228h22.1a.85.85 0 0 0 0-1.7h-22.1a3.077 3.077 0 1 0 -2.956 3.928zm0-4.456a1.378 1.378 0 1 1 -1.378 1.378 1.38 1.38 0 0 1 1.378-1.378z\" transform=\"translate(9.842 17.904)\"><\/path><\/g><\/svg><\/div><\/div>\n\t\t\t\t\n\t\t\t\t<div class=\"contents\">\n\t\t\t\t\n\t\t\t\t<h3 class=\"lqd-iconbox-heading\" >R\u00e9f\u00e9rentiel <\/h3>\t\t\t\t<p><span style=\"color: #586882\">Financer les co\u00fbts de notre r\u00e9f\u00e9rentiel afin que nous puissions nous permettre d'avoir plus de serveurs dans le monde.<\/span><\/p>\n\t\t\t\t\n\t\t\t\t<\/div>\n\t\t\t\t\n\t\t\t<\/div>\n\n\t\t\t\t\t\t<\/div>\n\t\t\t\t<\/div>\n\t\t\t\t\t<\/div>\n\t\t<\/div>\n\t\t\t\t\t<\/div>\n\t\t<\/section>\n\t\t\t\t<section class=\"elementor-section elementor-inner-section elementor-element elementor-element-3fe7a02c elementor-section-boxed elementor-section-height-default elementor-section-height-default\" data-id=\"3fe7a02c\" data-element_type=\"section\">\n\t\t\t\t\t\t<div class=\"elementor-container elementor-column-gap-no\">\n\t\t\t\t\t<div class=\"elementor-column elementor-col-50 elementor-inner-column elementor-element elementor-element-65530adb\" data-id=\"65530adb\" data-element_type=\"column\">\n\t\t\t<div class=\"elementor-widget-wrap elementor-element-populated\">\n\t\t\t\t\t\t<div class=\"elementor-element elementor-element-5248389e elementor-align-left elementor-widget elementor-widget-ld_icon_box\" data-id=\"5248389e\" data-element_type=\"widget\" data-widget_type=\"ld_icon_box.default\">\n\t\t\t\t<div class=\"elementor-widget-container\">\n\t\t\t\t\t\n\t\t\t<div id=\"ld_icon_box_5248389e\" class=\"iconbox d-flex flex-grow-1 pos-rel iconbox-side\"   >\n\n\t\t\t\t\n\t\t\t\t<div class=\"iconbox-icon-wrap\"><div class=\"iconbox-icon-container d-inline-flex\"><svg xmlns=\"http:\/\/www.w3.org\/2000\/svg\" height=\"51.781\" viewbox=\"0 0 45.144 51.781\" width=\"45.144\"><g fill=\"#3da6b4\"><circle cx=\"21\" cy=\"21\" opacity=\".077\" r=\"21\"><\/circle><path d=\"m33.191 24.107q-.381.214-.759.418l-1.444-9.941a3.014 3.014 0 0 0 -2.97-2.561h-8.026c-.067-3.869-.85-6.7-2.383-8.642a10.739 10.739 0 0 0 -5.247-3.3 1.392 1.392 0 0 0 -1.862 1.427l.17 2.862-5.357 1.906a3.751 3.751 0 0 0 -1.941 5.544c.976 1.506 2.28 1.937 3.929 2.483l.017.006-1.628 11.345q-1.521-.7-3.073-1.558a1.747 1.747 0 0 0 -2.6 1.521v4.876a1.755 1.755 0 0 0 .983 1.567 40.283 40.283 0 0 0 33.818 0 1.757 1.757 0 0 0 .981-1.567v-4.868a1.747 1.747 0 0 0 -2.608-1.518zm-28.058-13.425a1.655 1.655 0 0 1 .883-2.431l5.943-2.114a1.361 1.361 0 0 0 .834-1.382l-.135-2.326c2.783 1.092 5.356 2.855 5.239 10.627a1.049 1.049 0 0 0 1.048 1.064h9.073a.906.906 0 0 1 .9.767l1.545 10.636a35.027 35.027 0 0 1 -3.774 1.531 7.563 7.563 0 0 0 -15.1.69 31.814 31.814 0 0 1 -3.9-1.243l1.829-12.76a1.048 1.048 0 0 0 -.7-1.14c-2.109-.73-3.013-.876-3.69-1.92zm19.48 16.989a25.846 25.846 0 0 1 -10.931.507v-.523a5.466 5.466 0 0 1 10.931.016zm9.086 2.6a38.3 38.3 0 0 1 -31.586 0v-4.06c10.589 5.725 20.525 6.053 31.586.011z\" transform=\"translate(9.347 16)\"><\/path><\/g><\/svg><\/div><\/div>\n\t\t\t\t\n\t\t\t\t<div class=\"contents\">\n\t\t\t\t\n\t\t\t\t<h3 class=\"lqd-iconbox-heading\" >Divers <\/h3>\t\t\t\t<p><span style=\"color: #586882\">Il s'agit d'autres co\u00fbts qui comprennent des \u00e9l\u00e9ments tels que l'art, l'API et les outils de surveillance.<\/span><\/p>\n\t\t\t\t\n\t\t\t\t<\/div>\n\t\t\t\t\n\t\t\t<\/div>\n\n\t\t\t\t\t\t<\/div>\n\t\t\t\t<\/div>\n\t\t\t\t\t<\/div>\n\t\t<\/div>\n\t\t\t\t<div class=\"elementor-column elementor-col-50 elementor-inner-column elementor-element elementor-element-2d7021e2\" data-id=\"2d7021e2\" data-element_type=\"column\">\n\t\t\t<div class=\"elementor-widget-wrap elementor-element-populated\">\n\t\t\t\t\t\t<div class=\"elementor-element elementor-element-5c0953f5 elementor-align-left elementor-widget elementor-widget-ld_icon_box\" data-id=\"5c0953f5\" data-element_type=\"widget\" data-widget_type=\"ld_icon_box.default\">\n\t\t\t\t<div class=\"elementor-widget-container\">\n\t\t\t\t\t\n\t\t\t<div id=\"ld_icon_box_5c0953f5\" class=\"iconbox d-flex flex-grow-1 pos-rel iconbox-side iconbox-icon-shaped iconbox-circle\"  data-shape-border=\"1\" >\n\n\t\t\t\t\n\t\t\t\t<div class=\"iconbox-icon-wrap\"><div class=\"iconbox-icon-container d-inline-flex pos-rel z-index-1 border-radius-circle\"><svg xmlns=\"http:\/\/www.w3.org\/2000\/svg\" width=\"571\" height=\"571\" viewbox=\"0 0 151.043 151.043\"><path d=\"M113.28 140.924H37.76L.001 75.52l37.76-65.4h75.52l37.76 65.402z\" fill=\"#00222b\" stroke=\"#aef\" stroke-opacity=\"0\"><\/path><path d=\"M40.688 15.2L24.914 42.5l15.588 9L51.08 33.188h21.147v-18zm38.127 0v18h21.147l10.578 18.3 15.588-9-15.774-27.32zm50.608 33.027l-15.588 9 10.57 18.305-10.578 18.322 15.588 9 15.774-27.32zm-107.804 0L5.855 75.522l15.774 27.32 15.587-9L26.638 75.52l10.57-18.305zM40.5 99.55l-15.588 9 15.765 27.305h31.538v-18H51.08zm70.02 0l-10.57 18.305H78.816v18h31.54l15.764-27.305z\" fill=\"#006680\"><\/path><path d=\"M54.256 38.688l-9 15.57 13.457 7.77 4.505-7.802h9v-15.54zm24.56 0v15.54h9l4.505 7.802 13.457-7.77-9-15.57zM41.97 59.966L33 75.52l9 15.57 13.457-7.77-4.505-7.802 4.495-7.785zm67.1 0l-13.457 7.77 4.495 7.785-4.505 7.802 13.457 7.77 9-15.57zM58.732 89.03L45.275 96.8l8.98 15.556h17.97v-15.54h-9zm33.578 0l-4.495 7.785h-9v15.54h17.97l8.98-15.556z\" fill=\"#08a\"><\/path><path d=\"M84.45 90.986H66.592l-8.93-15.465 8.93-15.465H84.45l8.93 15.465z\" fill=\"#00aad4\"><\/path><\/svg><\/div><\/div>\n\t\t\t\t\n\t\t\t\t<div class=\"contents\">\n\t\t\t\t\n\t\t\t\t<h3 class=\"lqd-iconbox-heading\" >Message amical <\/h3>\t\t\t\t<p><span style=\"color: #586882\">Envoyez-nous un message d'encouragement pour que nous continuions \u00e0 avancer<\/span><\/p>\n\t\t\t\t\n\t\t\t\t<\/div>\n\t\t\t\t\n\t\t\t<\/div>\n\n\t\t\t\t\t\t<\/div>\n\t\t\t\t<\/div>\n\t\t\t\t\t<\/div>\n\t\t<\/div>\n\t\t\t\t\t<\/div>\n\t\t<\/section>\n\t\t\t\t\t<\/div>\n\t\t<\/div>\n\t\t\t\t\t<\/div>\n\t\t<\/section>\n\t\t\t\t<section class=\"elementor-section elementor-top-section elementor-element elementor-element-2dcef37 elementor-section-boxed elementor-section-height-default elementor-section-height-default\" data-id=\"2dcef37\" data-element_type=\"section\">\n\t\t\t\t\t\t<div class=\"elementor-container elementor-column-gap-default\">\n\t\t\t\t\t<div class=\"elementor-column elementor-col-50 elementor-top-column elementor-element elementor-element-68a0de6\" data-id=\"68a0de6\" data-element_type=\"column\">\n\t\t\t<div class=\"elementor-widget-wrap elementor-element-populated\">\n\t\t\t\t\t\t<div class=\"elementor-element elementor-element-3a7de23 elementor-position-inline-start elementor-view-default elementor-mobile-position-block-start elementor-widget elementor-widget-icon-box\" data-id=\"3a7de23\" data-element_type=\"widget\" data-widget_type=\"icon-box.default\">\n\t\t\t\t<div class=\"elementor-widget-container\">\n\t\t\t\t\t\t\t<div class=\"elementor-icon-box-wrapper\">\n\n\t\t\t\t\t\t<div class=\"elementor-icon-box-icon\">\n\t\t\t\t<span  class=\"elementor-icon\">\n\t\t\t\t<i aria-hidden=\"true\" class=\"fab fa-paypal\"><\/i>\t\t\t\t<\/span>\n\t\t\t<\/div>\n\t\t\t\n\t\t\t\t\t\t<div class=\"elementor-icon-box-content\">\n\n\t\t\t\t\t\t\t\t\t<h5 class=\"elementor-icon-box-title\">\n\t\t\t\t\t\t<span  >\n\t\t\t\t\t\t\tPaypal\t\t\t\t\t\t<\/span>\n\t\t\t\t\t<\/h5>\n\t\t\t\t\n\t\t\t\t\t\t\t\t\t<p class=\"elementor-icon-box-description\">\n\t\t\t\t\t\tProchainement\t\t\t\t\t<\/p>\n\t\t\t\t\n\t\t\t<\/div>\n\t\t\t\n\t\t<\/div>\n\t\t\t\t\t\t<\/div>\n\t\t\t\t<\/div>\n\t\t\t\t<div class=\"elementor-element elementor-element-abab0cf elementor-position-inline-start elementor-view-default elementor-mobile-position-block-start elementor-widget elementor-widget-icon-box\" data-id=\"abab0cf\" data-element_type=\"widget\" data-widget_type=\"icon-box.default\">\n\t\t\t\t<div class=\"elementor-widget-container\">\n\t\t\t\t\t\t\t<div class=\"elementor-icon-box-wrapper\">\n\n\t\t\t\t\t\t<div class=\"elementor-icon-box-icon\">\n\t\t\t\t<span  class=\"elementor-icon\">\n\t\t\t\t<i aria-hidden=\"true\" class=\"fas fa-tshirt\"><\/i>\t\t\t\t<\/span>\n\t\t\t<\/div>\n\t\t\t\n\t\t\t\t\t\t<div class=\"elementor-icon-box-content\">\n\n\t\t\t\t\t\t\t\t\t<h5 class=\"elementor-icon-box-title\">\n\t\t\t\t\t\t<span  >\n\t\t\t\t\t\t\tMarchandise\t\t\t\t\t\t<\/span>\n\t\t\t\t\t<\/h5>\n\t\t\t\t\n\t\t\t\t\t\t\t\t\t<p class=\"elementor-icon-box-description\">\n\t\t\t\t\t\tBient\u00f4t disponible !\t\t\t\t\t<\/p>\n\t\t\t\t\n\t\t\t<\/div>\n\t\t\t\n\t\t<\/div>\n\t\t\t\t\t\t<\/div>\n\t\t\t\t<\/div>\n\t\t\t\t\t<\/div>\n\t\t<\/div>\n\t\t\t\t<div class=\"elementor-column elementor-col-50 elementor-top-column elementor-element elementor-element-7a4139f\" data-id=\"7a4139f\" data-element_type=\"column\">\n\t\t\t<div class=\"elementor-widget-wrap elementor-element-populated\">\n\t\t\t\t\t\t<div class=\"elementor-element elementor-element-9bce4bf elementor-position-inline-start elementor-view-default elementor-mobile-position-block-start elementor-widget elementor-widget-icon-box\" data-id=\"9bce4bf\" data-element_type=\"widget\" data-widget_type=\"icon-box.default\">\n\t\t\t\t<div class=\"elementor-widget-container\">\n\t\t\t\t\t\t\t<div class=\"elementor-icon-box-wrapper\">\n\n\t\t\t\t\t\t<div class=\"elementor-icon-box-icon\">\n\t\t\t\t<a href=\"https:\/\/patreon.com\/rebornos\" class=\"elementor-icon\" tabindex=\"-1\" aria-label=\"Patreon\">\n\t\t\t\t<i aria-hidden=\"true\" class=\"fab fa-patreon\"><\/i>\t\t\t\t<\/a>\n\t\t\t<\/div>\n\t\t\t\n\t\t\t\t\t\t<div class=\"elementor-icon-box-content\">\n\n\t\t\t\t\t\t\t\t\t<h5 class=\"elementor-icon-box-title\">\n\t\t\t\t\t\t<a href=\"https:\/\/patreon.com\/rebornos\" >\n\t\t\t\t\t\t\tPatreon\t\t\t\t\t\t<\/a>\n\t\t\t\t\t<\/h5>\n\t\t\t\t\n\t\t\t\t\t\t\t\t\t<p class=\"elementor-icon-box-description\">\n\t\t\t\t\t\tFaites un don mensuel via Patreon\t\t\t\t\t<\/p>\n\t\t\t\t\n\t\t\t<\/div>\n\t\t\t\n\t\t<\/div>\n\t\t\t\t\t\t<\/div>\n\t\t\t\t<\/div>\n\t\t\t\t<div class=\"elementor-element elementor-element-df805b8 elementor-position-inline-start elementor-view-default elementor-mobile-position-block-start elementor-widget elementor-widget-icon-box\" data-id=\"df805b8\" data-element_type=\"widget\" data-widget_type=\"icon-box.default\">\n\t\t\t\t<div class=\"elementor-widget-container\">\n\t\t\t\t\t\t\t<div class=\"elementor-icon-box-wrapper\">\n\n\t\t\t\t\t\t<div class=\"elementor-icon-box-icon\">\n\t\t\t\t<a href=\"https:\/\/rebornos.org\/fr\/contacter\/\" class=\"elementor-icon\" tabindex=\"-1\" aria-label=\"Ressources\">\n\t\t\t\t<i aria-hidden=\"true\" class=\"fas fa-server\"><\/i>\t\t\t\t<\/a>\n\t\t\t<\/div>\n\t\t\t\n\t\t\t\t\t\t<div class=\"elementor-icon-box-content\">\n\n\t\t\t\t\t\t\t\t\t<h5 class=\"elementor-icon-box-title\">\n\t\t\t\t\t\t<a href=\"https:\/\/rebornos.org\/fr\/contacter\/\" >\n\t\t\t\t\t\t\tRessources\t\t\t\t\t\t<\/a>\n\t\t\t\t\t<\/h5>\n\t\t\t\t\n\t\t\t\t\t\t\t\t\t<p class=\"elementor-icon-box-description\">\n\t\t\t\t\t\tVous avez des ressources \u00e0 partager, comme des serveurs ou de la bande passante ? Contactez nous\t\t\t\t\t<\/p>\n\t\t\t\t\n\t\t\t<\/div>\n\t\t\t\n\t\t<\/div>\n\t\t\t\t\t\t<\/div>\n\t\t\t\t<\/div>\n\t\t\t\t\t<\/div>\n\t\t<\/div>\n\t\t\t\t\t<\/div>\n\t\t<\/section>\n\t\t\t\t<section class=\"elementor-section elementor-top-section elementor-element elementor-element-e23fce9 elementor-section-height-min-height elementor-section-boxed elementor-section-height-default elementor-section-items-middle\" data-id=\"e23fce9\" data-element_type=\"section\">\n\t\t\t\t\t\t<div class=\"elementor-container elementor-column-gap-default\">\n\t\t\t\t\t<div class=\"elementor-column elementor-col-100 elementor-top-column elementor-element elementor-element-e3b109f\" data-id=\"e3b109f\" data-element_type=\"column\">\n\t\t\t<div class=\"elementor-widget-wrap elementor-element-populated\">\n\t\t\t\t\t\t<div class=\"elementor-element elementor-element-7195aad elementor-widget elementor-widget-hub_fancy_heading\" data-id=\"7195aad\" data-element_type=\"widget\" data-widget_type=\"hub_fancy_heading.default\">\n\t\t\t\t<div class=\"elementor-widget-container\">\n\t\t\t\t\t\n\t\t<div id=\"ld-fancy-heading-69ee889ea538c\" class=\"ld-fancy-heading pos-rel\">\n\t\t\t<h5 class=\"ld-fh-element d-inline-block pos-rel  elementor-heading-title lqd-highlight-classic lqd-highlight-grow-left h5\"  > Merci d'avoir pens\u00e9 \u00e0 faire un don, c'est gr\u00e2ce \u00e0 vous que nous pouvons continuer.<\/h5>\t\t<\/div>\n\n\t\t\t\t\t\t<\/div>\n\t\t\t\t<\/div>\n\t\t\t\t\t<\/div>\n\t\t<\/div>\n\t\t\t\t\t<\/div>\n\t\t<\/section>\n\t\t\t\t<\/div>","protected":false},"excerpt":{"rendered":"<p>Donation Soutenez notre projet Aidez-nous \u00e0 soutenir notre projet opensource gratuit en donnant de l'argent ou des ressources. Serveur Aidez-nous \u00e0 payer nos co\u00fbts mensuels d'h\u00e9bergement et de bande passante D\u00e9p\u00f4t Financez nos co\u00fbts de d\u00e9p\u00f4t afin que nous puissions nous offrir plus de serveurs \u00e0 travers le monde Divers Ce sont d'autres co\u00fbts et contiennent des choses comme l'art, l'API et les outils de surveillance. [...]<\/p>","protected":false},"author":1,"featured_media":0,"parent":0,"menu_order":0,"comment_status":"closed","ping_status":"closed","template":"","meta":{"footnotes":""},"class_list":["post-2333","page","type-page","status-publish","hentry"],"yoast_head":"<!-- This site is optimized with the Yoast SEO plugin v26.7 - https:\/\/yoast.com\/wordpress\/plugins\/seo\/ -->\n<title>Donate - RebornOS Linux<\/title>\n<meta name=\"description\" content=\"Support the RebornOS project by donating or buying some merchandise.\" \/>\n<meta name=\"robots\" content=\"index, follow, max-snippet:-1, max-image-preview:large, max-video-preview:-1\" \/>\n<link rel=\"canonical\" href=\"https:\/\/rebornos.org\/fr\/faire-un-don\/\" \/>\n<meta property=\"og:locale\" content=\"fr_FR\" \/>\n<meta property=\"og:type\" content=\"article\" \/>\n<meta property=\"og:title\" content=\"Donate - RebornOS Linux\" \/>\n<meta property=\"og:description\" content=\"Support the RebornOS project by donating or buying some merchandise.\" \/>\n<meta property=\"og:url\" content=\"https:\/\/rebornos.org\/fr\/faire-un-don\/\" \/>\n<meta property=\"og:site_name\" content=\"RebornOS Linux\" \/>\n<meta property=\"article:modified_time\" content=\"2022-12-09T11:26:48+00:00\" \/>\n<meta name=\"twitter:card\" content=\"summary_large_image\" \/>\n<meta name=\"twitter:label1\" content=\"Dur\u00e9e de lecture estim\u00e9e\" \/>\n\t<meta name=\"twitter:data1\" content=\"1 minute\" \/>\n<script type=\"application\/ld+json\" class=\"yoast-schema-graph\">{\"@context\":\"https:\/\/schema.org\",\"@graph\":[{\"@type\":\"WebPage\",\"@id\":\"https:\/\/rebornos.org\/donate\/\",\"url\":\"https:\/\/rebornos.org\/donate\/\",\"name\":\"Donate - RebornOS Linux\",\"isPartOf\":{\"@id\":\"https:\/\/rebornos.org\/#website\"},\"datePublished\":\"2022-03-23T15:15:49+00:00\",\"dateModified\":\"2022-12-09T11:26:48+00:00\",\"description\":\"Support the RebornOS project by donating or buying some merchandise.\",\"breadcrumb\":{\"@id\":\"https:\/\/rebornos.org\/donate\/#breadcrumb\"},\"inLanguage\":\"fr-FR\",\"potentialAction\":[{\"@type\":\"ReadAction\",\"target\":[\"https:\/\/rebornos.org\/donate\/\"]}]},{\"@type\":\"BreadcrumbList\",\"@id\":\"https:\/\/rebornos.org\/donate\/#breadcrumb\",\"itemListElement\":[{\"@type\":\"ListItem\",\"position\":1,\"name\":\"Home\",\"item\":\"https:\/\/rebornos.org\/\"},{\"@type\":\"ListItem\",\"position\":2,\"name\":\"Donate\"}]},{\"@type\":\"WebSite\",\"@id\":\"https:\/\/rebornos.org\/#website\",\"url\":\"https:\/\/rebornos.org\/\",\"name\":\"RebornOS Linux\",\"description\":\"The Official Website for RebornOS Linux\",\"publisher\":{\"@id\":\"https:\/\/rebornos.org\/#organization\"},\"potentialAction\":[{\"@type\":\"SearchAction\",\"target\":{\"@type\":\"EntryPoint\",\"urlTemplate\":\"https:\/\/rebornos.org\/?s={search_term_string}\"},\"query-input\":{\"@type\":\"PropertyValueSpecification\",\"valueRequired\":true,\"valueName\":\"search_term_string\"}}],\"inLanguage\":\"fr-FR\"},{\"@type\":\"Organization\",\"@id\":\"https:\/\/rebornos.org\/#organization\",\"name\":\"RebornOS\",\"url\":\"https:\/\/rebornos.org\/\",\"logo\":{\"@type\":\"ImageObject\",\"inLanguage\":\"fr-FR\",\"@id\":\"https:\/\/rebornos.org\/#\/schema\/logo\/image\/\",\"url\":\"https:\/\/rebornos.org\/wp-content\/uploads\/2022\/03\/Logo.png\",\"contentUrl\":\"https:\/\/rebornos.org\/wp-content\/uploads\/2022\/03\/Logo.png\",\"width\":621,\"height\":621,\"caption\":\"RebornOS\"},\"image\":{\"@id\":\"https:\/\/rebornos.org\/#\/schema\/logo\/image\/\"}}]}<\/script>\n<!-- \/ Yoast SEO plugin. -->","yoast_head_json":{"title":"Donate - RebornOS Linux","description":"Support the RebornOS project by donating or buying some merchandise.","robots":{"index":"index","follow":"follow","max-snippet":"max-snippet:-1","max-image-preview":"max-image-preview:large","max-video-preview":"max-video-preview:-1"},"canonical":"https:\/\/rebornos.org\/fr\/faire-un-don\/","og_locale":"fr_FR","og_type":"article","og_title":"Donate - RebornOS Linux","og_description":"Support the RebornOS project by donating or buying some merchandise.","og_url":"https:\/\/rebornos.org\/fr\/faire-un-don\/","og_site_name":"RebornOS Linux","article_modified_time":"2022-12-09T11:26:48+00:00","twitter_card":"summary_large_image","twitter_misc":{"Dur\u00e9e de lecture estim\u00e9e":"1 minute"},"schema":{"@context":"https:\/\/schema.org","@graph":[{"@type":"WebPage","@id":"https:\/\/rebornos.org\/donate\/","url":"https:\/\/rebornos.org\/donate\/","name":"Donate - RebornOS Linux","isPartOf":{"@id":"https:\/\/rebornos.org\/#website"},"datePublished":"2022-03-23T15:15:49+00:00","dateModified":"2022-12-09T11:26:48+00:00","description":"Support the RebornOS project by donating or buying some merchandise.","breadcrumb":{"@id":"https:\/\/rebornos.org\/donate\/#breadcrumb"},"inLanguage":"fr-FR","potentialAction":[{"@type":"ReadAction","target":["https:\/\/rebornos.org\/donate\/"]}]},{"@type":"BreadcrumbList","@id":"https:\/\/rebornos.org\/donate\/#breadcrumb","itemListElement":[{"@type":"ListItem","position":1,"name":"Home","item":"https:\/\/rebornos.org\/"},{"@type":"ListItem","position":2,"name":"Donate"}]},{"@type":"WebSite","@id":"https:\/\/rebornos.org\/#website","url":"https:\/\/rebornos.org\/","name":"RebornOS Linux","description":"The Official Website for RebornOS Linux","publisher":{"@id":"https:\/\/rebornos.org\/#organization"},"potentialAction":[{"@type":"SearchAction","target":{"@type":"EntryPoint","urlTemplate":"https:\/\/rebornos.org\/?s={search_term_string}"},"query-input":{"@type":"PropertyValueSpecification","valueRequired":true,"valueName":"search_term_string"}}],"inLanguage":"fr-FR"},{"@type":"Organization","@id":"https:\/\/rebornos.org\/#organization","name":"RebornOS","url":"https:\/\/rebornos.org\/","logo":{"@type":"ImageObject","inLanguage":"fr-FR","@id":"https:\/\/rebornos.org\/#\/schema\/logo\/image\/","url":"https:\/\/rebornos.org\/wp-content\/uploads\/2022\/03\/Logo.png","contentUrl":"https:\/\/rebornos.org\/wp-content\/uploads\/2022\/03\/Logo.png","width":621,"height":621,"caption":"RebornOS"},"image":{"@id":"https:\/\/rebornos.org\/#\/schema\/logo\/image\/"}}]}},"_links":{"self":[{"href":"https:\/\/rebornos.org\/fr\/wp-json\/wp\/v2\/pages\/2333","targetHints":{"allow":["GET"]}}],"collection":[{"href":"https:\/\/rebornos.org\/fr\/wp-json\/wp\/v2\/pages"}],"about":[{"href":"https:\/\/rebornos.org\/fr\/wp-json\/wp\/v2\/types\/page"}],"author":[{"embeddable":true,"href":"https:\/\/rebornos.org\/fr\/wp-json\/wp\/v2\/users\/1"}],"replies":[{"embeddable":true,"href":"https:\/\/rebornos.org\/fr\/wp-json\/wp\/v2\/comments?post=2333"}],"version-history":[{"count":5,"href":"https:\/\/rebornos.org\/fr\/wp-json\/wp\/v2\/pages\/2333\/revisions"}],"predecessor-version":[{"id":3287,"href":"https:\/\/rebornos.org\/fr\/wp-json\/wp\/v2\/pages\/2333\/revisions\/3287"}],"wp:attachment":[{"href":"https:\/\/rebornos.org\/fr\/wp-json\/wp\/v2\/media?parent=2333"}],"curies":[{"name":"wp","href":"https:\/\/api.w.org\/{rel}","templated":true}]}}